{"id":3010,"date":"2017-01-12T12:28:15","date_gmt":"2017-01-12T11:28:15","guid":{"rendered":"http:\/\/itaca.ch\/cms\/?page_id=3010"},"modified":"2017-07-26T14:28:20","modified_gmt":"2017-07-26T12:28:20","slug":"iot-whats-it","status":"publish","type":"page","link":"https:\/\/www.itaca.ch\/cms\/iot\/iot-whats-it\/","title":{"rendered":"[iot] cos&#8217;\u00e8"},"content":{"rendered":"<p><div class=\"fusion-fullwidth fullwidth-box fusion-builder-row-1 nonhundred-percent-fullwidth non-hundred-percent-height-scrolling\" style=\"--awb-background-position:left top;--awb-border-radius-top-left:0px;--awb-border-radius-top-right:0px;--awb-border-radius-bottom-right:0px;--awb-border-radius-bottom-left:0px;--awb-border-sizes-top:0px;--awb-border-sizes-bottom:0px;--awb-flex-wrap:wrap;\" ><div class=\"fusion-builder-row fusion-row\"><div class=\"fusion-layout-column fusion_builder_column fusion-builder-column-0 fusion_builder_column_1_1 1_1 fusion-one-full fusion-column-first fusion-column-last\" style=\"--awb-padding-left:50px;--awb-bg-size:cover;--awb-margin-top:150px;--awb-margin-bottom:80px;\"><div class=\"fusion-column-wrapper fusion-flex-column-wrapper-legacy\"><div class=\"fusion-text fusion-text-1\"><h1 style=\"text-align: left;\"><span style=\"color: #0088ff;\">[<\/span>iot<span style=\"color: #0088ff;\">]\u00a0cos&#8217;\u00e8<\/span><\/h1>\n<\/div><div class=\"fusion-text fusion-text-2\"><h3 style=\"text-align: left;\">come funziona?<\/h3>\n<\/div><div class=\"fusion-clearfix\"><\/div><\/div><\/div><\/div><\/div><div class=\"fusion-fullwidth fullwidth-box fusion-builder-row-2 nonhundred-percent-fullwidth non-hundred-percent-height-scrolling\" style=\"--awb-background-position:left top;--awb-border-radius-top-left:0px;--awb-border-radius-top-right:0px;--awb-border-radius-bottom-right:0px;--awb-border-radius-bottom-left:0px;--awb-padding-top:0px;--awb-padding-right:0px;--awb-padding-bottom:0px;--awb-padding-left:0px;--awb-border-sizes-top:0px;--awb-border-sizes-bottom:0px;--awb-flex-wrap:wrap;\" ><div class=\"fusion-builder-row fusion-row\"><div class=\"fusion-layout-column fusion_builder_column fusion-builder-column-1 fusion_builder_column_1_1 1_1 fusion-one-full fusion-column-first fusion-column-last\" style=\"--awb-padding-top:20px;--awb-bg-size:cover;\"><div class=\"fusion-column-wrapper fusion-flex-column-wrapper-legacy\"><div class=\"fusion-text fusion-text-3\"><h4>[iot] \u00e8 un ecosistema integrato. Hardware per raccogliere le informazioni e interagire. Software per analizzare dati e programmare le apparecchiature.<\/h4>\n<\/div><div class=\"fusion-clearfix\"><\/div><\/div><\/div><\/div><\/div><div class=\"fusion-fullwidth fullwidth-box fusion-builder-row-3 nonhundred-percent-fullwidth non-hundred-percent-height-scrolling\" style=\"--awb-background-position:left top;--awb-border-radius-top-left:0px;--awb-border-radius-top-right:0px;--awb-border-radius-bottom-right:0px;--awb-border-radius-bottom-left:0px;--awb-border-sizes-top:0px;--awb-border-sizes-bottom:0px;--awb-flex-wrap:wrap;\" ><div class=\"fusion-builder-row fusion-row\"><div class=\"fusion-layout-column fusion_builder_column fusion-builder-column-2 fusion_builder_column_1_1 1_1 fusion-one-full fusion-column-first fusion-column-last\" style=\"--awb-padding-top:50px;--awb-bg-size:cover;\"><div class=\"fusion-column-wrapper fusion-flex-column-wrapper-legacy\"><div class=\"fusion-clearfix\"><\/div><\/div><\/div><div class=\"fusion-layout-column fusion_builder_column fusion-builder-column-3 fusion_builder_column_1_1 1_1 fusion-one-full fusion-column-first fusion-column-last\" style=\"--awb-padding-top:30px;--awb-bg-size:cover;\"><div class=\"fusion-column-wrapper fusion-flex-column-wrapper-legacy\"><div class=\"fusion-image-element fusion-image-align-center in-legacy-container\" style=\"text-align:center;--awb-caption-title-font-family:var(--h2_typography-font-family);--awb-caption-title-font-weight:var(--h2_typography-font-weight);--awb-caption-title-font-style:var(--h2_typography-font-style);--awb-caption-title-size:var(--h2_typography-font-size);--awb-caption-title-transform:var(--h2_typography-text-transform);--awb-caption-title-line-height:var(--h2_typography-line-height);--awb-caption-title-letter-spacing:var(--h2_typography-letter-spacing);\"><div class=\"imageframe-align-center\"><span class=\" fusion-imageframe imageframe-none imageframe-1 hover-type-none fusion-animated\" data-animationType=\"slideInLeft\" data-animationDuration=\"0.4\" data-animationOffset=\"top-into-view\"><img decoding=\"async\" width=\"1024\" height=\"226\" title=\"iot-schema1\" data-src=\"https:\/\/itaca.ch\/cms\/wp-content\/uploads\/2017\/01\/iot-schema1-1024x226.jpg\" alt class=\"img-responsive wp-image-3105 lazyload\" data-srcset=\"https:\/\/www.itaca.ch\/cms\/wp-content\/uploads\/2017\/01\/iot-schema1-200x44.jpg 200w, https:\/\/www.itaca.ch\/cms\/wp-content\/uploads\/2017\/01\/iot-schema1-400x88.jpg 400w, https:\/\/www.itaca.ch\/cms\/wp-content\/uploads\/2017\/01\/iot-schema1-600x133.jpg 600w, https:\/\/www.itaca.ch\/cms\/wp-content\/uploads\/2017\/01\/iot-schema1-800x177.jpg 800w, https:\/\/www.itaca.ch\/cms\/wp-content\/uploads\/2017\/01\/iot-schema1-1200x265.jpg 1200w, https:\/\/www.itaca.ch\/cms\/wp-content\/uploads\/2017\/01\/iot-schema1.jpg 2000w\" data-sizes=\"(max-width: 800px) 100vw, 1024px\" src=\"data:image\/gif;base64,R0lGODlhAQABAAAAACH5BAEKAAEALAAAAAABAAEAAAICTAEAOw==\" style=\"--smush-placeholder-width: 1024px; --smush-placeholder-aspect-ratio: 1024\/226;\" \/><noscript><img decoding=\"async\" width=\"1024\" height=\"226\" title=\"iot-schema1\" src=\"https:\/\/itaca.ch\/cms\/wp-content\/uploads\/2017\/01\/iot-schema1-1024x226.jpg\" alt class=\"img-responsive wp-image-3105\" srcset=\"https:\/\/www.itaca.ch\/cms\/wp-content\/uploads\/2017\/01\/iot-schema1-200x44.jpg 200w, https:\/\/www.itaca.ch\/cms\/wp-content\/uploads\/2017\/01\/iot-schema1-400x88.jpg 400w, https:\/\/www.itaca.ch\/cms\/wp-content\/uploads\/2017\/01\/iot-schema1-600x133.jpg 600w, https:\/\/www.itaca.ch\/cms\/wp-content\/uploads\/2017\/01\/iot-schema1-800x177.jpg 800w, https:\/\/www.itaca.ch\/cms\/wp-content\/uploads\/2017\/01\/iot-schema1-1200x265.jpg 1200w, https:\/\/www.itaca.ch\/cms\/wp-content\/uploads\/2017\/01\/iot-schema1.jpg 2000w\" sizes=\"(max-width: 800px) 100vw, 1024px\" \/><\/noscript><\/span><\/div><\/div><div class=\"fusion-clearfix\"><\/div><\/div><\/div><div class=\"fusion-layout-column fusion_builder_column fusion-builder-column-4 fusion_builder_column_1_1 1_1 fusion-one-full fusion-column-first fusion-column-last\" style=\"--awb-padding-top:30px;--awb-bg-size:cover;\"><div class=\"fusion-column-wrapper fusion-flex-column-wrapper-legacy\"><div class=\"fusion-text fusion-text-4\"><p><span style=\"color: #0088ff;\">Sensori e nodi (-A-)<\/span>\u00a0. I sensori raccolgono e comunicano al nodo i dati. Quest&#8217;ultimo invia le informazioni al Gateway e se necessario esegue un azione (per esempio accende un macchinario).<\/p>\n<p><span style=\"color: #0088ff;\">Gateway (-B-)<\/span>. Si occupa di raccogliere, stoccare e fare una prima analisi dei dati ricevuti. Nel contempo invia questi ultimi ad una banca dati.<\/p>\n<p><span style=\"color: #0088ff;\">Stoccaggio (-C-)<\/span>. Banca dati in cui tutti i dati del gateway vengono raccolti e stoccati.<\/p>\n<p><span style=\"color: #0088ff;\">Analisi (-D-)<\/span>. Software di analisi. I dati raccolti vengono analizzati e diventano visionabili dal cliente.<\/p>\n<\/div><div class=\"fusion-clearfix\"><\/div><\/div><\/div><\/div><\/div><div class=\"fusion-fullwidth fullwidth-box fusion-builder-row-4 nonhundred-percent-fullwidth non-hundred-percent-height-scrolling\" style=\"--awb-background-position:left top;--awb-border-radius-top-left:0px;--awb-border-radius-top-right:0px;--awb-border-radius-bottom-right:0px;--awb-border-radius-bottom-left:0px;--awb-padding-top:0px;--awb-padding-right:0px;--awb-padding-bottom:0px;--awb-padding-left:0px;--awb-border-sizes-top:0px;--awb-border-sizes-bottom:0px;--awb-flex-wrap:wrap;\" ><div class=\"fusion-builder-row fusion-row\"><div class=\"fusion-layout-column fusion_builder_column fusion-builder-column-5 fusion_builder_column_1_1 1_1 fusion-one-full fusion-column-first fusion-column-last\" style=\"--awb-padding-top:50px;--awb-bg-size:cover;\"><div class=\"fusion-column-wrapper fusion-flex-column-wrapper-legacy\"><div class=\"fusion-text fusion-text-5\"><h3>Scalare, flessibile e sicuro.<\/h3>\n<\/div><div class=\"fusion-clearfix\"><\/div><\/div><\/div><div class=\"fusion-layout-column fusion_builder_column fusion-builder-column-6 fusion_builder_column_1_1 1_1 fusion-one-full fusion-column-first fusion-column-last\" style=\"--awb-padding-top:30px;--awb-bg-size:cover;\"><div class=\"fusion-column-wrapper fusion-flex-column-wrapper-legacy\"><div class=\"fusion-image-element fusion-image-align-center in-legacy-container\" style=\"text-align:center;--awb-caption-title-font-family:var(--h2_typography-font-family);--awb-caption-title-font-weight:var(--h2_typography-font-weight);--awb-caption-title-font-style:var(--h2_typography-font-style);--awb-caption-title-size:var(--h2_typography-font-size);--awb-caption-title-transform:var(--h2_typography-text-transform);--awb-caption-title-line-height:var(--h2_typography-line-height);--awb-caption-title-letter-spacing:var(--h2_typography-letter-spacing);\"><div class=\"imageframe-align-center\"><span class=\" fusion-imageframe imageframe-none imageframe-2 hover-type-none fusion-animated\" data-animationType=\"slideInRight\" data-animationDuration=\"0.4\" data-animationOffset=\"top-into-view\"><img decoding=\"async\" width=\"1024\" height=\"307\" title=\"iot-schema2\" data-src=\"https:\/\/itaca.ch\/cms\/wp-content\/uploads\/2017\/01\/iot-schema2-1-1024x307.jpg\" alt class=\"img-responsive wp-image-3116 lazyload\" data-srcset=\"https:\/\/www.itaca.ch\/cms\/wp-content\/uploads\/2017\/01\/iot-schema2-1-200x60.jpg 200w, https:\/\/www.itaca.ch\/cms\/wp-content\/uploads\/2017\/01\/iot-schema2-1-400x120.jpg 400w, https:\/\/www.itaca.ch\/cms\/wp-content\/uploads\/2017\/01\/iot-schema2-1-600x180.jpg 600w, https:\/\/www.itaca.ch\/cms\/wp-content\/uploads\/2017\/01\/iot-schema2-1-800x240.jpg 800w, https:\/\/www.itaca.ch\/cms\/wp-content\/uploads\/2017\/01\/iot-schema2-1-1200x360.jpg 1200w, https:\/\/www.itaca.ch\/cms\/wp-content\/uploads\/2017\/01\/iot-schema2-1.jpg 2000w\" data-sizes=\"(max-width: 800px) 100vw, 1024px\" src=\"data:image\/gif;base64,R0lGODlhAQABAAAAACH5BAEKAAEALAAAAAABAAEAAAICTAEAOw==\" style=\"--smush-placeholder-width: 1024px; --smush-placeholder-aspect-ratio: 1024\/307;\" \/><noscript><img decoding=\"async\" width=\"1024\" height=\"307\" title=\"iot-schema2\" src=\"https:\/\/itaca.ch\/cms\/wp-content\/uploads\/2017\/01\/iot-schema2-1-1024x307.jpg\" alt class=\"img-responsive wp-image-3116\" srcset=\"https:\/\/www.itaca.ch\/cms\/wp-content\/uploads\/2017\/01\/iot-schema2-1-200x60.jpg 200w, https:\/\/www.itaca.ch\/cms\/wp-content\/uploads\/2017\/01\/iot-schema2-1-400x120.jpg 400w, https:\/\/www.itaca.ch\/cms\/wp-content\/uploads\/2017\/01\/iot-schema2-1-600x180.jpg 600w, https:\/\/www.itaca.ch\/cms\/wp-content\/uploads\/2017\/01\/iot-schema2-1-800x240.jpg 800w, https:\/\/www.itaca.ch\/cms\/wp-content\/uploads\/2017\/01\/iot-schema2-1-1200x360.jpg 1200w, https:\/\/www.itaca.ch\/cms\/wp-content\/uploads\/2017\/01\/iot-schema2-1.jpg 2000w\" sizes=\"(max-width: 800px) 100vw, 1024px\" \/><\/noscript><\/span><\/div><\/div><div class=\"fusion-clearfix\"><\/div><\/div><\/div><div class=\"fusion-layout-column fusion_builder_column fusion-builder-column-7 fusion_builder_column_1_1 1_1 fusion-one-full fusion-column-first fusion-column-last\" style=\"--awb-padding-top:40px;--awb-bg-size:cover;\"><div class=\"fusion-column-wrapper fusion-flex-column-wrapper-legacy\"><div class=\"fusion-text fusion-text-6\"><p><span style=\"color: #0088ff;\">Flessibilit\u00e0<\/span>. Sensori multipli possono essere agganciati a uno o pi\u00f9 nodi. Decine di nodi possono comunicare con 1 o pi\u00f9 gateway contemporaneamente. Insomma l&#8217;architettura del sistema \u00e8 libera, si adatta alla situazione e pu\u00f2 evolvere nel tempo.<\/p>\n<p><span style=\"color: #0088ff;\">Trasmissione<\/span>. Cavo, wifi, scheda telefonica. Per la comunicazione tra le varie componenti potete scegliere il mezzo che pi\u00f9 vi conviene.<\/p>\n<p><span style=\"color: #0088ff;\">Sicurezza<\/span>. Tutte le comunicazioni sono criptate e dunque completamente sicure.<\/p>\n<p><span style=\"color: #0088ff;\">Alimentazione<\/span>. Di rete, tramite batteria, con l&#8217;ausilio di pannelli solari. Anche qui la libert\u00e0 \u00e8 assoluta.<\/p>\n<p><span style=\"color: #0088ff;\">Comunicazione<\/span>. Le comunicazioni sono sempre bi-direzionali. Non solo ricevete i dati in tempo reale, ma potete agire e modificare i parametri dei sistema direttamente online. Senza nessun intervento in loco.<\/p>\n<\/div><div class=\"fusion-clearfix\"><\/div><\/div><\/div><\/div><\/div><div class=\"fusion-fullwidth fullwidth-box fusion-builder-row-5 nonhundred-percent-fullwidth non-hundred-percent-height-scrolling\" style=\"--awb-border-radius-top-left:0px;--awb-border-radius-top-right:0px;--awb-border-radius-bottom-right:0px;--awb-border-radius-bottom-left:0px;--awb-padding-top:20px;--awb-padding-bottom:20px;--awb-flex-wrap:wrap;\" ><div class=\"fusion-builder-row fusion-row\"><div class=\"fusion-layout-column fusion_builder_column fusion-builder-column-8 fusion_builder_column_1_1 1_1 fusion-one-full fusion-column-first fusion-column-last\" style=\"--awb-bg-size:cover;--awb-margin-top:50px;--awb-margin-bottom:30px;\"><div class=\"fusion-column-wrapper fusion-flex-column-wrapper-legacy\"><div class=\"fusion-text fusion-text-7\"><h2 style=\"text-align: center;\">Vuoi saperne di pi\u00f9?\u00a0<a href=\"http:\/\/itaca.ch\/cms\/contact\/\">contattaci<\/a>.<\/h2>\n<\/div><div class=\"fusion-clearfix\"><\/div><\/div><\/div><\/div><\/div><\/p>\n","protected":false},"excerpt":{"rendered":"","protected":false},"author":2,"featured_media":0,"parent":2911,"menu_order":0,"comment_status":"closed","ping_status":"closed","template":"100-width.php","meta":{"content-type":"","inline_featured_image":false,"footnotes":""},"yoast_head":"<!-- This site is optimized with the Yoast SEO plugin v22.6 - https:\/\/yoast.com\/wordpress\/plugins\/seo\/ -->\n<title>itaca - [iot] cos&#039;\u00e8<\/title>\n<meta name=\"description\" content=\"Integrazione, automazione e sicurezza dei tuoi dati.\" \/>\n<meta name=\"robots\" content=\"index, follow, max-snippet:-1, max-image-preview:large, max-video-preview:-1\" \/>\n<link rel=\"canonical\" href=\"https:\/\/www.itaca.ch\/cms\/iot\/iot-whats-it\/\" \/>\n<meta property=\"og:locale\" content=\"it_IT\" \/>\n<meta property=\"og:type\" content=\"article\" \/>\n<meta property=\"og:title\" content=\"itaca - [iot] cos&#039;\u00e8\" \/>\n<meta property=\"og:description\" content=\"Integrazione, automazione e sicurezza dei tuoi dati.\" \/>\n<meta property=\"og:url\" content=\"https:\/\/www.itaca.ch\/cms\/iot\/iot-whats-it\/\" \/>\n<meta property=\"og:site_name\" content=\"itaca\" \/>\n<meta property=\"article:publisher\" content=\"https:\/\/www.facebook.com\/like.itaca\/\" \/>\n<meta property=\"article:modified_time\" content=\"2017-07-26T12:28:20+00:00\" \/>\n<meta name=\"twitter:card\" content=\"summary_large_image\" \/>\n<meta name=\"twitter:label1\" content=\"Tempo di lettura stimato\" \/>\n\t<meta name=\"twitter:data1\" content=\"7 minuti\" \/>\n<script type=\"application\/ld+json\" class=\"yoast-schema-graph\">{\"@context\":\"https:\/\/schema.org\",\"@graph\":[{\"@type\":\"WebPage\",\"@id\":\"https:\/\/www.itaca.ch\/cms\/iot\/iot-whats-it\/\",\"url\":\"https:\/\/www.itaca.ch\/cms\/iot\/iot-whats-it\/\",\"name\":\"itaca - [iot] cos'\u00e8\",\"isPartOf\":{\"@id\":\"https:\/\/www.itaca.ch\/cms\/#website\"},\"datePublished\":\"2017-01-12T11:28:15+00:00\",\"dateModified\":\"2017-07-26T12:28:20+00:00\",\"description\":\"Integrazione, automazione e sicurezza dei tuoi dati.\",\"breadcrumb\":{\"@id\":\"https:\/\/www.itaca.ch\/cms\/iot\/iot-whats-it\/#breadcrumb\"},\"inLanguage\":\"it-IT\",\"potentialAction\":[{\"@type\":\"ReadAction\",\"target\":[\"https:\/\/www.itaca.ch\/cms\/iot\/iot-whats-it\/\"]}]},{\"@type\":\"BreadcrumbList\",\"@id\":\"https:\/\/www.itaca.ch\/cms\/iot\/iot-whats-it\/#breadcrumb\",\"itemListElement\":[{\"@type\":\"ListItem\",\"position\":1,\"name\":\"Home\",\"item\":\"https:\/\/www.itaca.ch\/cms\/\"},{\"@type\":\"ListItem\",\"position\":2,\"name\":\"[iot]\",\"item\":\"https:\/\/www.itaca.ch\/cms\/iot\/\"},{\"@type\":\"ListItem\",\"position\":3,\"name\":\"[iot] cos&#8217;\u00e8\"}]},{\"@type\":\"WebSite\",\"@id\":\"https:\/\/www.itaca.ch\/cms\/#website\",\"url\":\"https:\/\/www.itaca.ch\/cms\/\",\"name\":\"itaca\",\"description\":\"\",\"potentialAction\":[{\"@type\":\"SearchAction\",\"target\":{\"@type\":\"EntryPoint\",\"urlTemplate\":\"https:\/\/www.itaca.ch\/cms\/?s={search_term_string}\"},\"query-input\":\"required name=search_term_string\"}],\"inLanguage\":\"it-IT\"}]}<\/script>\n<!-- \/ Yoast SEO plugin. -->","yoast_head_json":{"title":"itaca - [iot] cos'\u00e8","description":"Integrazione, automazione e sicurezza dei tuoi dati.","robots":{"index":"index","follow":"follow","max-snippet":"max-snippet:-1","max-image-preview":"max-image-preview:large","max-video-preview":"max-video-preview:-1"},"canonical":"https:\/\/www.itaca.ch\/cms\/iot\/iot-whats-it\/","og_locale":"it_IT","og_type":"article","og_title":"itaca - [iot] cos'\u00e8","og_description":"Integrazione, automazione e sicurezza dei tuoi dati.","og_url":"https:\/\/www.itaca.ch\/cms\/iot\/iot-whats-it\/","og_site_name":"itaca","article_publisher":"https:\/\/www.facebook.com\/like.itaca\/","article_modified_time":"2017-07-26T12:28:20+00:00","twitter_card":"summary_large_image","twitter_misc":{"Tempo di lettura stimato":"7 minuti"},"schema":{"@context":"https:\/\/schema.org","@graph":[{"@type":"WebPage","@id":"https:\/\/www.itaca.ch\/cms\/iot\/iot-whats-it\/","url":"https:\/\/www.itaca.ch\/cms\/iot\/iot-whats-it\/","name":"itaca - [iot] cos'\u00e8","isPartOf":{"@id":"https:\/\/www.itaca.ch\/cms\/#website"},"datePublished":"2017-01-12T11:28:15+00:00","dateModified":"2017-07-26T12:28:20+00:00","description":"Integrazione, automazione e sicurezza dei tuoi dati.","breadcrumb":{"@id":"https:\/\/www.itaca.ch\/cms\/iot\/iot-whats-it\/#breadcrumb"},"inLanguage":"it-IT","potentialAction":[{"@type":"ReadAction","target":["https:\/\/www.itaca.ch\/cms\/iot\/iot-whats-it\/"]}]},{"@type":"BreadcrumbList","@id":"https:\/\/www.itaca.ch\/cms\/iot\/iot-whats-it\/#breadcrumb","itemListElement":[{"@type":"ListItem","position":1,"name":"Home","item":"https:\/\/www.itaca.ch\/cms\/"},{"@type":"ListItem","position":2,"name":"[iot]","item":"https:\/\/www.itaca.ch\/cms\/iot\/"},{"@type":"ListItem","position":3,"name":"[iot] cos&#8217;\u00e8"}]},{"@type":"WebSite","@id":"https:\/\/www.itaca.ch\/cms\/#website","url":"https:\/\/www.itaca.ch\/cms\/","name":"itaca","description":"","potentialAction":[{"@type":"SearchAction","target":{"@type":"EntryPoint","urlTemplate":"https:\/\/www.itaca.ch\/cms\/?s={search_term_string}"},"query-input":"required name=search_term_string"}],"inLanguage":"it-IT"}]}},"_links":{"self":[{"href":"https:\/\/www.itaca.ch\/cms\/wp-json\/wp\/v2\/pages\/3010"}],"collection":[{"href":"https:\/\/www.itaca.ch\/cms\/wp-json\/wp\/v2\/pages"}],"about":[{"href":"https:\/\/www.itaca.ch\/cms\/wp-json\/wp\/v2\/types\/page"}],"author":[{"embeddable":true,"href":"https:\/\/www.itaca.ch\/cms\/wp-json\/wp\/v2\/users\/2"}],"replies":[{"embeddable":true,"href":"https:\/\/www.itaca.ch\/cms\/wp-json\/wp\/v2\/comments?post=3010"}],"version-history":[{"count":0,"href":"https:\/\/www.itaca.ch\/cms\/wp-json\/wp\/v2\/pages\/3010\/revisions"}],"up":[{"embeddable":true,"href":"https:\/\/www.itaca.ch\/cms\/wp-json\/wp\/v2\/pages\/2911"}],"wp:attachment":[{"href":"https:\/\/www.itaca.ch\/cms\/wp-json\/wp\/v2\/media?parent=3010"}],"curies":[{"name":"wp","href":"https:\/\/api.w.org\/{rel}","templated":true}]}}